{"id":1961,"date":"2025-09-26T02:08:14","date_gmt":"2025-09-26T02:08:14","guid":{"rendered":"https:\/\/247datacenters.com\/cover-edge\/"},"modified":"2026-01-16T20:11:47","modified_gmt":"2026-01-16T20:11:47","slug":"core-edge","status":"publish","type":"page","link":"https:\/\/247datacenters.com\/pt-br\/core-edge\/","title":{"rendered":"Core Edge"},"content":{"rendered":"\t\t<div data-elementor-type=\"wp-page\" data-elementor-id=\"1961\" class=\"elementor elementor-1961 elementor-1241\" data-elementor-post-type=\"page\">\n\t\t\t\t<div class=\"elementor-element elementor-element-180eceee e-flex e-con-boxed e-con e-parent\" data-id=\"180eceee\" data-element_type=\"container\" data-e-type=\"container\" data-settings=\"{&quot;background_background&quot;:&quot;classic&quot;}\">\n\t\t\t\t\t<div class=\"e-con-inner\">\n\t\t<div class=\"elementor-element elementor-element-46910dd4 e-con-full e-flex elementor-invisible e-con e-child\" data-id=\"46910dd4\" data-element_type=\"container\" data-e-type=\"container\" data-settings=\"{&quot;background_background&quot;:&quot;classic&quot;,&quot;animation&quot;:&quot;fadeInUp&quot;}\">\n\t\t\t\t<div class=\"elementor-element elementor-element-7bf45c19 elementor-widget__width-auto dev-titleHeader elementor-widget elementor-widget-heading\" data-id=\"7bf45c19\" data-element_type=\"widget\" data-e-type=\"widget\" data-widget_type=\"heading.default\">\n\t\t\t\t<div class=\"elementor-widget-container\">\n\t\t\t\t\t<h2 class=\"elementor-heading-title elementor-size-default\">Core Edge<\/h2>\t\t\t\t<\/div>\n\t\t\t\t<\/div>\n\t\t\t\t<div class=\"elementor-element elementor-element-5f6baf6d elementor-widget__width-initial elementor-widget elementor-widget-heading\" data-id=\"5f6baf6d\" data-element_type=\"widget\" data-e-type=\"widget\" data-widget_type=\"heading.default\">\n\t\t\t\t<div class=\"elementor-widget-container\">\n\t\t\t\t\t<p class=\"elementor-heading-title elementor-size-default\">Conectividade de baixa lat\u00eancia para quem precisa estar mais perto do usu\u00e1rio final.<\/p>\t\t\t\t<\/div>\n\t\t\t\t<\/div>\n\t\t\t\t<div class=\"elementor-element elementor-element-14feb91e elementor-widget__width-initial elementor-widget elementor-widget-text-editor\" data-id=\"14feb91e\" data-element_type=\"widget\" data-e-type=\"widget\" data-widget_type=\"text-editor.default\">\n\t\t\t\t<div class=\"elementor-widget-container\">\n\t\t\t\t\t\t\t\t\tArquitetura distribu\u00edda e efici\u00eancia garantida.\t\t\t\t\t\t\t\t<\/div>\n\t\t\t\t<\/div>\n\t\t\t\t<\/div>\n\t\t\t\t\t<\/div>\n\t\t\t\t<\/div>\n\t\t<div class=\"elementor-element elementor-element-2b12c86d e-flex e-con-boxed e-con e-parent\" data-id=\"2b12c86d\" data-element_type=\"container\" data-e-type=\"container\" data-settings=\"{&quot;background_background&quot;:&quot;classic&quot;}\">\n\t\t\t\t\t<div class=\"e-con-inner\">\n\t\t<div class=\"elementor-element elementor-element-3b888e2f e-con-full e-flex e-con e-child\" data-id=\"3b888e2f\" data-element_type=\"container\" data-e-type=\"container\">\n\t\t\t\t<div class=\"elementor-element elementor-element-5c0f53ea elementor-widget__width-initial elementor-widget elementor-widget-heading\" data-id=\"5c0f53ea\" data-element_type=\"widget\" data-e-type=\"widget\" data-widget_type=\"heading.default\">\n\t\t\t\t<div class=\"elementor-widget-container\">\n\t\t\t\t\t<h2 class=\"elementor-heading-title elementor-size-default\">Baixa lat\u00eancia e <span class=\"txt-600 txt-black\">m\u00e1xima conectividade<\/span> <\/h2>\t\t\t\t<\/div>\n\t\t\t\t<\/div>\n\t\t\t\t<\/div>\n\t\t<div class=\"elementor-element elementor-element-2db7b9a8 e-con-full e-flex e-con e-child\" data-id=\"2db7b9a8\" data-element_type=\"container\" data-e-type=\"container\">\n\t\t\t\t<div class=\"elementor-element elementor-element-25e2e348 elementor-widget__width-initial elementor-widget elementor-widget-text-editor\" data-id=\"25e2e348\" data-element_type=\"widget\" data-e-type=\"widget\" data-widget_type=\"text-editor.default\">\n\t\t\t\t<div class=\"elementor-widget-container\">\n\t\t\t\t\t\t\t\t\t<p>O <strong>Core Edge<\/strong> \u00e9 a solu\u00e7\u00e3o para empresas que precisam de processamento e entrega de dados, que reduzem a lat\u00eancia e aproximam os conte\u00fados e servi\u00e7os dos usu\u00e1rios finais.\u00a0<\/p><p>Com\u00a0Data Centers distribu\u00eddos em pontos estrat\u00e9gicos, essa solu\u00e7\u00e3o \u00e9 ideal para setores como 5G, games, m\u00eddia e entretenimento, fintechs, IoT, automa\u00e7\u00e3o industrial entre outros.<\/p>\t\t\t\t\t\t\t\t<\/div>\n\t\t\t\t<\/div>\n\t\t\t\t<\/div>\n\t\t\t\t\t<\/div>\n\t\t\t\t<\/div>\n\t\t<div class=\"elementor-element elementor-element-11def1ca e-flex e-con-boxed e-con e-parent\" data-id=\"11def1ca\" data-element_type=\"container\" data-e-type=\"container\" data-settings=\"{&quot;background_background&quot;:&quot;classic&quot;}\">\n\t\t\t\t\t<div class=\"e-con-inner\">\n\t\t<div class=\"elementor-element elementor-element-68c5d9bf e-con-full e-flex e-con e-child\" data-id=\"68c5d9bf\" data-element_type=\"container\" data-e-type=\"container\">\n\t\t\t\t<div class=\"elementor-element elementor-element-82d9576 elementor-widget__width-auto dev-titleBefore elementor-widget elementor-widget-heading\" data-id=\"82d9576\" data-element_type=\"widget\" data-e-type=\"widget\" data-widget_type=\"heading.default\">\n\t\t\t\t<div class=\"elementor-widget-container\">\n\t\t\t\t\t<h2 class=\"elementor-heading-title elementor-size-default\">Vantagens<\/h2>\t\t\t\t<\/div>\n\t\t\t\t<\/div>\n\t\t\t\t<\/div>\n\t\t<div class=\"elementor-element elementor-element-706324be e-con-full dev-hoverUp e-flex elementor-invisible e-con e-child\" data-id=\"706324be\" data-element_type=\"container\" data-e-type=\"container\" data-settings=\"{&quot;background_background&quot;:&quot;classic&quot;,&quot;animation&quot;:&quot;fadeInUp&quot;}\">\n\t\t\t\t<div class=\"elementor-element elementor-element-61be2a62 elementor-widget elementor-widget-image\" data-id=\"61be2a62\" data-element_type=\"widget\" data-e-type=\"widget\" data-widget_type=\"image.default\">\n\t\t\t\t<div class=\"elementor-widget-container\">\n\t\t\t\t\t\t\t\t\t\t\t\t\t\t\t<img decoding=\"async\" src=\"https:\/\/247datacenters.com\/wp-content\/uploads\/2025\/09\/hierarchy-square-3.svg\" class=\"attachment-full size-full wp-image-1436\" alt=\"\" \/>\t\t\t\t\t\t\t\t\t\t\t\t\t\t\t<\/div>\n\t\t\t\t<\/div>\n\t\t\t\t<div class=\"elementor-element elementor-element-48266c0 elementor-widget elementor-widget-heading\" data-id=\"48266c0\" data-element_type=\"widget\" data-e-type=\"widget\" data-widget_type=\"heading.default\">\n\t\t\t\t<div class=\"elementor-widget-container\">\n\t\t\t\t\t<p class=\"elementor-heading-title elementor-size-default\">Infraestrutura distribu\u00edda para reduzir lat\u00eancia<\/p>\t\t\t\t<\/div>\n\t\t\t\t<\/div>\n\t\t\t\t<\/div>\n\t\t<div class=\"elementor-element elementor-element-3e6a471f e-con-full dev-hoverUp e-flex elementor-invisible e-con e-child\" data-id=\"3e6a471f\" data-element_type=\"container\" data-e-type=\"container\" data-settings=\"{&quot;background_background&quot;:&quot;classic&quot;,&quot;animation&quot;:&quot;fadeInUp&quot;}\">\n\t\t\t\t<div class=\"elementor-element elementor-element-524b5503 elementor-widget elementor-widget-image\" data-id=\"524b5503\" data-element_type=\"widget\" data-e-type=\"widget\" data-widget_type=\"image.default\">\n\t\t\t\t<div class=\"elementor-widget-container\">\n\t\t\t\t\t\t\t\t\t\t\t\t\t\t\t<img decoding=\"async\" src=\"https:\/\/247datacenters.com\/wp-content\/uploads\/2025\/09\/profile-2user.svg\" class=\"attachment-full size-full wp-image-1430\" alt=\"\" \/>\t\t\t\t\t\t\t\t\t\t\t\t\t\t\t<\/div>\n\t\t\t\t<\/div>\n\t\t\t\t<div class=\"elementor-element elementor-element-48f725db elementor-widget elementor-widget-heading\" data-id=\"48f725db\" data-element_type=\"widget\" data-e-type=\"widget\" data-widget_type=\"heading.default\">\n\t\t\t\t<div class=\"elementor-widget-container\">\n\t\t\t\t\t<p class=\"elementor-heading-title elementor-size-default\">Pr\u00f3ximo aos usu\u00e1rios para melhor performance.<\/p>\t\t\t\t<\/div>\n\t\t\t\t<\/div>\n\t\t\t\t<\/div>\n\t\t<div class=\"elementor-element elementor-element-6660b171 e-con-full dev-hoverUp e-flex elementor-invisible e-con e-child\" data-id=\"6660b171\" data-element_type=\"container\" data-e-type=\"container\" data-settings=\"{&quot;background_background&quot;:&quot;classic&quot;,&quot;animation&quot;:&quot;fadeInUp&quot;}\">\n\t\t\t\t<div class=\"elementor-element elementor-element-6001fb43 elementor-widget elementor-widget-image\" data-id=\"6001fb43\" data-element_type=\"widget\" data-e-type=\"widget\" data-widget_type=\"image.default\">\n\t\t\t\t<div class=\"elementor-widget-container\">\n\t\t\t\t\t\t\t\t\t\t\t\t\t\t\t<img decoding=\"async\" src=\"https:\/\/247datacenters.com\/wp-content\/uploads\/2025\/09\/wifi-square.svg\" class=\"attachment-full size-full wp-image-1433\" alt=\"\" \/>\t\t\t\t\t\t\t\t\t\t\t\t\t\t\t<\/div>\n\t\t\t\t<\/div>\n\t\t\t\t<div class=\"elementor-element elementor-element-285f1cc2 elementor-widget elementor-widget-heading\" data-id=\"285f1cc2\" data-element_type=\"widget\" data-e-type=\"widget\" data-widget_type=\"heading.default\">\n\t\t\t\t<div class=\"elementor-widget-container\">\n\t\t\t\t\t<p class=\"elementor-heading-title elementor-size-default\">Conectividade robusta e segura<\/p>\t\t\t\t<\/div>\n\t\t\t\t<\/div>\n\t\t\t\t<\/div>\n\t\t\t\t\t<\/div>\n\t\t\t\t<\/div>\n\t\t<div class=\"elementor-element elementor-element-5e051ef6 e-flex e-con-boxed e-con e-parent\" data-id=\"5e051ef6\" data-element_type=\"container\" data-e-type=\"container\" data-settings=\"{&quot;background_background&quot;:&quot;classic&quot;}\">\n\t\t\t\t\t<div class=\"e-con-inner\">\n\t\t<div class=\"elementor-element elementor-element-53d40ccf e-con-full e-flex e-con e-child\" data-id=\"53d40ccf\" data-element_type=\"container\" data-e-type=\"container\">\n\t\t\t\t<div class=\"elementor-element elementor-element-31e2b300 elementor-widget__width-initial elementor-widget-tablet__width-inherit elementor-widget elementor-widget-text-editor\" data-id=\"31e2b300\" data-element_type=\"widget\" data-e-type=\"widget\" data-widget_type=\"text-editor.default\">\n\t\t\t\t<div class=\"elementor-widget-container\">\n\t\t\t\t\t\t\t\t\t<p>Supere os desafios do seu neg\u00f3cio com as solu\u00e7\u00f5es da Twenty Four Seven Data Centers.<\/p>\t\t\t\t\t\t\t\t<\/div>\n\t\t\t\t<\/div>\n\t\t\t\t<div class=\"elementor-element elementor-element-74567ca3 elementor-hidden-widescreen elementor-hidden-desktop elementor-hidden-laptop elementor-hidden-tablet elementor-widget elementor-widget-spacer\" data-id=\"74567ca3\" data-element_type=\"widget\" data-e-type=\"widget\" data-widget_type=\"spacer.default\">\n\t\t\t\t<div class=\"elementor-widget-container\">\n\t\t\t\t\t\t\t<div class=\"elementor-spacer\">\n\t\t\t<div class=\"elementor-spacer-inner\"><\/div>\n\t\t<\/div>\n\t\t\t\t\t\t<\/div>\n\t\t\t\t<\/div>\n\t\t\t\t<\/div>\n\t\t<div class=\"elementor-element elementor-element-11cd1b51 e-con-full e-flex e-con e-child\" data-id=\"11cd1b51\" data-element_type=\"container\" data-e-type=\"container\" data-settings=\"{&quot;background_background&quot;:&quot;classic&quot;}\">\n\t\t\t\t<div class=\"elementor-element elementor-element-16b24fa7 elementor-widget elementor-widget-html\" data-id=\"16b24fa7\" data-element_type=\"widget\" data-e-type=\"widget\" data-widget_type=\"html.default\">\n\t\t\t\t<div class=\"elementor-widget-container\">\n\t\t\t\t\t\n<div class=\"wpcf7 no-js\" id=\"wpcf7-f2086-o1\" lang=\"pt-BR\" dir=\"ltr\" data-wpcf7-id=\"2086\">\n<div class=\"screen-reader-response\"><p role=\"status\" aria-live=\"polite\" aria-atomic=\"true\"><\/p> <ul><\/ul><\/div>\n<form action=\"\/pt-br\/wp-json\/wp\/v2\/pages\/1961#wpcf7-f2086-o1\" method=\"post\" class=\"wpcf7-form init\" aria-label=\"Formul\u00e1rios de contato\" novalidate=\"novalidate\" data-status=\"init\">\n<fieldset class=\"hidden-fields-container\"><input type=\"hidden\" name=\"_wpcf7\" value=\"2086\" \/><input type=\"hidden\" name=\"_wpcf7_version\" value=\"6.1.5\" \/><input type=\"hidden\" name=\"_wpcf7_locale\" value=\"pt_BR\" \/><input type=\"hidden\" name=\"_wpcf7_unit_tag\" value=\"wpcf7-f2086-o1\" \/><input type=\"hidden\" name=\"_wpcf7_container_post\" value=\"0\" \/><input type=\"hidden\" name=\"_wpcf7_posted_data_hash\" value=\"\" \/>\n<\/fieldset>\n<div class=\"wpcf7-turnstile cf-turnstile\" data-sitekey=\"0x4AAAAAACsVSiSLXFYh9zNn\" data-response-field-name=\"_wpcf7_turnstile_response\"><\/div>\n\n<div class=\"httfox-cf7-container-white httfox-column\">\n\t<p><label> Nome <span class=\"wpcf7-form-control-wrap\" data-name=\"first-name\"><input size=\"40\" maxlength=\"400\" class=\"wpcf7-form-control wpcf7-text wpcf7-validates-as-required\" autocomplete=\"name\" aria-required=\"true\" aria-invalid=\"false\" placeholder=\"Nome e sobrenome\" value=\"\" type=\"text\" name=\"first-name\" \/><\/span> <\/label>\n\t<\/p>\n\t<p><label> Empresa <span class=\"wpcf7-form-control-wrap\" data-name=\"empresa\"><input size=\"40\" maxlength=\"400\" class=\"wpcf7-form-control wpcf7-text wpcf7-validates-as-required\" autocomplete=\"empresa\" aria-required=\"true\" aria-invalid=\"false\" placeholder=\"Sua empresa\" value=\"\" type=\"text\" name=\"empresa\" \/><\/span> <\/label>\n\t<\/p>\n\t<p><label> E-mail <span class=\"wpcf7-form-control-wrap\" data-name=\"email\"><input size=\"40\" maxlength=\"400\" class=\"wpcf7-form-control wpcf7-email wpcf7-validates-as-required wpcf7-text wpcf7-validates-as-email\" autocomplete=\"email\" aria-required=\"true\" aria-invalid=\"false\" placeholder=\"email@gmail.com\" value=\"\" type=\"email\" name=\"email\" \/><\/span> <\/label>\n\t<\/p>\n\t<p><label> Telefone <span class=\"wpcf7-form-control-wrap\" data-name=\"phone\"><input size=\"40\" class=\"wpcf7-form-control wpcf7-phonetext wpcf7-validates-as-required wpcf7-text wpcf7-validates-as-phonetext\" autocomplete=\"tel\" aria-required=\"true\" aria-invalid=\"false\" placeholder=\"(DDD) 99999-9999\" value=\"\" type=\"text\" name=\"phone\" \/><input type=\"hidden\" name=\"phone-country-code\" class=\"wpcf7-phonetext-country-code\" \/><\/span> <\/label>\n\t<\/p>\n\t<p><label> Mensagem <span class=\"wpcf7-form-control-wrap\" data-name=\"mensagem\"><textarea cols=\"40\" rows=\"10\" maxlength=\"300\" class=\"wpcf7-form-control wpcf7-textarea wpcf7-validates-as-required\" aria-required=\"true\" aria-invalid=\"false\" name=\"mensagem\"><\/textarea><\/span><\/label>\n\t<\/p>\n\t<div class=\"httfox-accept\">\n\t\t<p><span class=\"wpcf7-form-control-wrap\" data-name=\"acceptance-248\"><span class=\"wpcf7-form-control wpcf7-acceptance\"><span class=\"wpcf7-list-item\"><label><input type=\"checkbox\" name=\"acceptance-248\" value=\"1\" aria-invalid=\"false\" \/><span class=\"wpcf7-list-item-label\">Ao inscrever-se, voc\u00ea concorda com os termos de uso e pol\u00edtica de privacidade<\/span><\/label><\/span><\/span><\/span>\n\t\t<\/p>\n\t<\/div>\n\t<div>\n\t\t<p><input class=\"wpcf7-form-control wpcf7-submit has-spinner\" type=\"submit\" value=\"Enviar mensagem\" \/>\n\t\t<\/p>\n\t<\/div>\n<\/div><div class=\"wpcf7-response-output\" aria-hidden=\"true\"><\/div>\n<\/form>\n<\/div>\n\t\t\t\t<\/div>\n\t\t\t\t<\/div>\n\t\t\t\t<\/div>\n\t\t\t\t\t<\/div>\n\t\t\t\t<\/div>\n\t\t\t\t<\/div>\n\t\t","protected":false},"excerpt":{"rendered":"<p>Conectividade de baixa lat\u00eancia para quem precisa estar mais perto do usu\u00e1rio final. Arquitetura distribu\u00edda e efici\u00eancia garantida. Baixa lat\u00eancia e m\u00e1xima conectividade O Core Edge \u00e9 a solu\u00e7\u00e3o para empresas que precisam de processamento e entrega de dados, que reduzem a lat\u00eancia e aproximam os conte\u00fados e servi\u00e7os dos usu\u00e1rios finais.\u00a0 Com\u00a0Data Centers distribu\u00eddos [&hellip;]<\/p>\n","protected":false},"author":2,"featured_media":0,"parent":0,"menu_order":0,"comment_status":"closed","ping_status":"closed","template":"","meta":{"_acf_changed":false,"footnotes":""},"class_list":["post-1961","page","type-page","status-publish","hentry"],"acf":[],"yoast_head":"<!-- This site is optimized with the Yoast SEO plugin v27.2 - https:\/\/yoast.com\/product\/yoast-seo-wordpress\/ -->\n<title>Core Edge - Baixa lat\u00eancia e m\u00e1xima conectividade - 247 Datacenters<\/title>\n<meta name=\"description\" content=\"Conectividade de baixa lat\u00eancia para quem precisa estar mais perto do usu\u00e1rio final. Arquitetura distribu\u00edda e efici\u00eancia garantida. Baixa lat\u00eancia e\" \/>\n<meta name=\"robots\" content=\"index, follow, max-snippet:-1, max-image-preview:large, max-video-preview:-1\" \/>\n<link rel=\"canonical\" href=\"https:\/\/247datacenters.com\/pt-br\/core-edge\/\" \/>\n<meta property=\"og:locale\" content=\"pt_BR\" \/>\n<meta property=\"og:type\" content=\"article\" \/>\n<meta property=\"og:title\" content=\"Core Edge - Baixa lat\u00eancia e m\u00e1xima conectividade - 247 Datacenters\" \/>\n<meta property=\"og:description\" content=\"Conectividade de baixa lat\u00eancia para quem precisa estar mais perto do usu\u00e1rio final. Arquitetura distribu\u00edda e efici\u00eancia garantida. Baixa lat\u00eancia e\" \/>\n<meta property=\"og:url\" content=\"https:\/\/247datacenters.com\/pt-br\/core-edge\/\" \/>\n<meta property=\"og:site_name\" content=\"247 Datacenters\" \/>\n<meta property=\"article:modified_time\" content=\"2026-01-16T20:11:47+00:00\" \/>\n<meta property=\"og:image\" content=\"https:\/\/247datacenters.com\/wp-content\/uploads\/2025\/09\/hierarchy-square-3.svg\" \/>\n<meta name=\"twitter:card\" content=\"summary_large_image\" \/>\n<meta name=\"twitter:label1\" content=\"Est. tempo de leitura\" \/>\n\t<meta name=\"twitter:data1\" content=\"2 minutos\" \/>\n<script type=\"application\/ld+json\" class=\"yoast-schema-graph\">{\"@context\":\"https:\/\/schema.org\",\"@graph\":[{\"@type\":\"WebPage\",\"@id\":\"https:\/\/247datacenters.com\/pt-br\/core-edge\/\",\"url\":\"https:\/\/247datacenters.com\/pt-br\/core-edge\/\",\"name\":\"Core Edge - Baixa lat\u00eancia e m\u00e1xima conectividade - 247 Datacenters\",\"isPartOf\":{\"@id\":\"https:\/\/247datacenters.com\/#website\"},\"primaryImageOfPage\":{\"@id\":\"https:\/\/247datacenters.com\/pt-br\/core-edge\/#primaryimage\"},\"image\":{\"@id\":\"https:\/\/247datacenters.com\/pt-br\/core-edge\/#primaryimage\"},\"thumbnailUrl\":\"https:\/\/247datacenters.com\/wp-content\/uploads\/2025\/09\/hierarchy-square-3.svg\",\"datePublished\":\"2025-09-26T02:08:14+00:00\",\"dateModified\":\"2026-01-16T20:11:47+00:00\",\"description\":\"Conectividade de baixa lat\u00eancia para quem precisa estar mais perto do usu\u00e1rio final. Arquitetura distribu\u00edda e efici\u00eancia garantida. Baixa lat\u00eancia e\",\"breadcrumb\":{\"@id\":\"https:\/\/247datacenters.com\/pt-br\/core-edge\/#breadcrumb\"},\"inLanguage\":\"pt-BR\",\"potentialAction\":[{\"@type\":\"ReadAction\",\"target\":[\"https:\/\/247datacenters.com\/pt-br\/core-edge\/\"]}]},{\"@type\":\"ImageObject\",\"inLanguage\":\"pt-BR\",\"@id\":\"https:\/\/247datacenters.com\/pt-br\/core-edge\/#primaryimage\",\"url\":\"https:\/\/247datacenters.com\/wp-content\/uploads\/2025\/09\/hierarchy-square-3.svg\",\"contentUrl\":\"https:\/\/247datacenters.com\/wp-content\/uploads\/2025\/09\/hierarchy-square-3.svg\"},{\"@type\":\"BreadcrumbList\",\"@id\":\"https:\/\/247datacenters.com\/pt-br\/core-edge\/#breadcrumb\",\"itemListElement\":[{\"@type\":\"ListItem\",\"position\":1,\"name\":\"Home\",\"item\":\"https:\/\/247datacenters.com\/pt-br\/\"},{\"@type\":\"ListItem\",\"position\":2,\"name\":\"Core Edge\"}]},{\"@type\":\"WebSite\",\"@id\":\"https:\/\/247datacenters.com\/#website\",\"url\":\"https:\/\/247datacenters.com\/\",\"name\":\"247 Datacenters\",\"description\":\"\",\"publisher\":{\"@id\":\"https:\/\/247datacenters.com\/#organization\"},\"potentialAction\":[{\"@type\":\"SearchAction\",\"target\":{\"@type\":\"EntryPoint\",\"urlTemplate\":\"https:\/\/247datacenters.com\/?s={search_term_string}\"},\"query-input\":{\"@type\":\"PropertyValueSpecification\",\"valueRequired\":true,\"valueName\":\"search_term_string\"}}],\"inLanguage\":\"pt-BR\"},{\"@type\":\"Organization\",\"@id\":\"https:\/\/247datacenters.com\/#organization\",\"name\":\"247 Datacenters\",\"url\":\"https:\/\/247datacenters.com\/\",\"logo\":{\"@type\":\"ImageObject\",\"inLanguage\":\"pt-BR\",\"@id\":\"https:\/\/247datacenters.com\/#\/schema\/logo\/image\/\",\"url\":\"https:\/\/247datacenters.com\/wp-content\/uploads\/2025\/05\/247dataCenters-logo_w.svg\",\"contentUrl\":\"https:\/\/247datacenters.com\/wp-content\/uploads\/2025\/05\/247dataCenters-logo_w.svg\",\"width\":347,\"height\":148,\"caption\":\"247 Datacenters\"},\"image\":{\"@id\":\"https:\/\/247datacenters.com\/#\/schema\/logo\/image\/\"}}]}<\/script>\n<!-- \/ Yoast SEO plugin. -->","yoast_head_json":{"title":"Core Edge - Baixa lat\u00eancia e m\u00e1xima conectividade - 247 Datacenters","description":"Conectividade de baixa lat\u00eancia para quem precisa estar mais perto do usu\u00e1rio final. Arquitetura distribu\u00edda e efici\u00eancia garantida. Baixa lat\u00eancia e","robots":{"index":"index","follow":"follow","max-snippet":"max-snippet:-1","max-image-preview":"max-image-preview:large","max-video-preview":"max-video-preview:-1"},"canonical":"https:\/\/247datacenters.com\/pt-br\/core-edge\/","og_locale":"pt_BR","og_type":"article","og_title":"Core Edge - Baixa lat\u00eancia e m\u00e1xima conectividade - 247 Datacenters","og_description":"Conectividade de baixa lat\u00eancia para quem precisa estar mais perto do usu\u00e1rio final. Arquitetura distribu\u00edda e efici\u00eancia garantida. Baixa lat\u00eancia e","og_url":"https:\/\/247datacenters.com\/pt-br\/core-edge\/","og_site_name":"247 Datacenters","article_modified_time":"2026-01-16T20:11:47+00:00","og_image":[{"url":"https:\/\/247datacenters.com\/wp-content\/uploads\/2025\/09\/hierarchy-square-3.svg","type":"","width":"","height":""}],"twitter_card":"summary_large_image","twitter_misc":{"Est. tempo de leitura":"2 minutos"},"schema":{"@context":"https:\/\/schema.org","@graph":[{"@type":"WebPage","@id":"https:\/\/247datacenters.com\/pt-br\/core-edge\/","url":"https:\/\/247datacenters.com\/pt-br\/core-edge\/","name":"Core Edge - Baixa lat\u00eancia e m\u00e1xima conectividade - 247 Datacenters","isPartOf":{"@id":"https:\/\/247datacenters.com\/#website"},"primaryImageOfPage":{"@id":"https:\/\/247datacenters.com\/pt-br\/core-edge\/#primaryimage"},"image":{"@id":"https:\/\/247datacenters.com\/pt-br\/core-edge\/#primaryimage"},"thumbnailUrl":"https:\/\/247datacenters.com\/wp-content\/uploads\/2025\/09\/hierarchy-square-3.svg","datePublished":"2025-09-26T02:08:14+00:00","dateModified":"2026-01-16T20:11:47+00:00","description":"Conectividade de baixa lat\u00eancia para quem precisa estar mais perto do usu\u00e1rio final. Arquitetura distribu\u00edda e efici\u00eancia garantida. Baixa lat\u00eancia e","breadcrumb":{"@id":"https:\/\/247datacenters.com\/pt-br\/core-edge\/#breadcrumb"},"inLanguage":"pt-BR","potentialAction":[{"@type":"ReadAction","target":["https:\/\/247datacenters.com\/pt-br\/core-edge\/"]}]},{"@type":"ImageObject","inLanguage":"pt-BR","@id":"https:\/\/247datacenters.com\/pt-br\/core-edge\/#primaryimage","url":"https:\/\/247datacenters.com\/wp-content\/uploads\/2025\/09\/hierarchy-square-3.svg","contentUrl":"https:\/\/247datacenters.com\/wp-content\/uploads\/2025\/09\/hierarchy-square-3.svg"},{"@type":"BreadcrumbList","@id":"https:\/\/247datacenters.com\/pt-br\/core-edge\/#breadcrumb","itemListElement":[{"@type":"ListItem","position":1,"name":"Home","item":"https:\/\/247datacenters.com\/pt-br\/"},{"@type":"ListItem","position":2,"name":"Core Edge"}]},{"@type":"WebSite","@id":"https:\/\/247datacenters.com\/#website","url":"https:\/\/247datacenters.com\/","name":"247 Datacenters","description":"","publisher":{"@id":"https:\/\/247datacenters.com\/#organization"},"potentialAction":[{"@type":"SearchAction","target":{"@type":"EntryPoint","urlTemplate":"https:\/\/247datacenters.com\/?s={search_term_string}"},"query-input":{"@type":"PropertyValueSpecification","valueRequired":true,"valueName":"search_term_string"}}],"inLanguage":"pt-BR"},{"@type":"Organization","@id":"https:\/\/247datacenters.com\/#organization","name":"247 Datacenters","url":"https:\/\/247datacenters.com\/","logo":{"@type":"ImageObject","inLanguage":"pt-BR","@id":"https:\/\/247datacenters.com\/#\/schema\/logo\/image\/","url":"https:\/\/247datacenters.com\/wp-content\/uploads\/2025\/05\/247dataCenters-logo_w.svg","contentUrl":"https:\/\/247datacenters.com\/wp-content\/uploads\/2025\/05\/247dataCenters-logo_w.svg","width":347,"height":148,"caption":"247 Datacenters"},"image":{"@id":"https:\/\/247datacenters.com\/#\/schema\/logo\/image\/"}}]}},"_links":{"self":[{"href":"https:\/\/247datacenters.com\/pt-br\/wp-json\/wp\/v2\/pages\/1961","targetHints":{"allow":["GET"]}}],"collection":[{"href":"https:\/\/247datacenters.com\/pt-br\/wp-json\/wp\/v2\/pages"}],"about":[{"href":"https:\/\/247datacenters.com\/pt-br\/wp-json\/wp\/v2\/types\/page"}],"author":[{"embeddable":true,"href":"https:\/\/247datacenters.com\/pt-br\/wp-json\/wp\/v2\/users\/2"}],"replies":[{"embeddable":true,"href":"https:\/\/247datacenters.com\/pt-br\/wp-json\/wp\/v2\/comments?post=1961"}],"version-history":[{"count":1,"href":"https:\/\/247datacenters.com\/pt-br\/wp-json\/wp\/v2\/pages\/1961\/revisions"}],"predecessor-version":[{"id":2788,"href":"https:\/\/247datacenters.com\/pt-br\/wp-json\/wp\/v2\/pages\/1961\/revisions\/2788"}],"wp:attachment":[{"href":"https:\/\/247datacenters.com\/pt-br\/wp-json\/wp\/v2\/media?parent=1961"}],"curies":[{"name":"wp","href":"https:\/\/api.w.org\/{rel}","templated":true}]}}