{"id":1963,"date":"2025-09-26T02:09:15","date_gmt":"2025-09-26T02:09:15","guid":{"rendered":"https:\/\/247datacenters.com\/enterprise-plus\/"},"modified":"2026-01-16T19:54:43","modified_gmt":"2026-01-16T19:54:43","slug":"enterprise-plus","status":"publish","type":"page","link":"https:\/\/247datacenters.com\/pt-br\/enterprise-plus\/","title":{"rendered":"Enterprise Plus"},"content":{"rendered":"\t\t<div data-elementor-type=\"wp-page\" data-elementor-id=\"1963\" class=\"elementor elementor-1963 elementor-1245\" data-elementor-post-type=\"page\">\n\t\t\t\t<div class=\"elementor-element elementor-element-5412fff4 e-flex e-con-boxed e-con e-parent\" data-id=\"5412fff4\" data-element_type=\"container\" data-e-type=\"container\" data-settings=\"{&quot;background_background&quot;:&quot;classic&quot;}\">\n\t\t\t\t\t<div class=\"e-con-inner\">\n\t\t<div class=\"elementor-element elementor-element-1d11d080 e-con-full e-flex elementor-invisible e-con e-child\" data-id=\"1d11d080\" data-element_type=\"container\" data-e-type=\"container\" data-settings=\"{&quot;background_background&quot;:&quot;classic&quot;,&quot;animation&quot;:&quot;fadeInUp&quot;}\">\n\t\t\t\t<div class=\"elementor-element elementor-element-6b92131e elementor-widget__width-auto dev-titleHeader elementor-widget elementor-widget-heading\" data-id=\"6b92131e\" data-element_type=\"widget\" data-e-type=\"widget\" data-widget_type=\"heading.default\">\n\t\t\t\t<div class=\"elementor-widget-container\">\n\t\t\t\t\t<h2 class=\"elementor-heading-title elementor-size-default\">Enterprise Plus<\/h2>\t\t\t\t<\/div>\n\t\t\t\t<\/div>\n\t\t\t\t<div class=\"elementor-element elementor-element-54d0dc99 elementor-widget__width-initial elementor-widget elementor-widget-heading\" data-id=\"54d0dc99\" data-element_type=\"widget\" data-e-type=\"widget\" data-widget_type=\"heading.default\">\n\t\t\t\t<div class=\"elementor-widget-container\">\n\t\t\t\t\t<p class=\"elementor-heading-title elementor-size-default\">Seguran\u00e7a, confiabilidade e personaliza\u00e7\u00e3o sob medida para empresas que exigem o m\u00e1ximo de desempenho e prote\u00e7\u00e3o.\u00a0\u00a0<\/p>\t\t\t\t<\/div>\n\t\t\t\t<\/div>\n\t\t\t\t<div class=\"elementor-element elementor-element-4584e92c elementor-widget__width-initial elementor-hidden-widescreen elementor-hidden-desktop elementor-hidden-laptop elementor-hidden-tablet elementor-hidden-mobile elementor-widget elementor-widget-text-editor\" data-id=\"4584e92c\" data-element_type=\"widget\" data-e-type=\"widget\" data-widget_type=\"text-editor.default\">\n\t\t\t\t<div class=\"elementor-widget-container\">\n\t\t\t\t\t\t\t\t\tPerformance m\u00e1xima para suas opera\u00e7\u00f5es mais exigentes.\t\t\t\t\t\t\t\t<\/div>\n\t\t\t\t<\/div>\n\t\t\t\t<\/div>\n\t\t\t\t\t<\/div>\n\t\t\t\t<\/div>\n\t\t<div class=\"elementor-element elementor-element-7fd33c7e e-flex e-con-boxed e-con e-parent\" data-id=\"7fd33c7e\" data-element_type=\"container\" data-e-type=\"container\" data-settings=\"{&quot;background_background&quot;:&quot;classic&quot;}\">\n\t\t\t\t\t<div class=\"e-con-inner\">\n\t\t<div class=\"elementor-element elementor-element-860faf e-con-full e-flex e-con e-child\" data-id=\"860faf\" data-element_type=\"container\" data-e-type=\"container\">\n\t\t\t\t<div class=\"elementor-element elementor-element-d8d8bb9 elementor-widget__width-initial elementor-widget elementor-widget-heading\" data-id=\"d8d8bb9\" data-element_type=\"widget\" data-e-type=\"widget\" data-widget_type=\"heading.default\">\n\t\t\t\t<div class=\"elementor-widget-container\">\n\t\t\t\t\t<h2 class=\"elementor-heading-title elementor-size-default\"><span class=\"txt-600 txt-black\">Seguran\u00e7a e personaliza\u00e7\u00e3o<\/span> para opera\u00e7\u00f5es cr\u00edticas<\/h2>\t\t\t\t<\/div>\n\t\t\t\t<\/div>\n\t\t\t\t<\/div>\n\t\t<div class=\"elementor-element elementor-element-41d8db7c e-con-full e-flex e-con e-child\" data-id=\"41d8db7c\" data-element_type=\"container\" data-e-type=\"container\">\n\t\t\t\t<div class=\"elementor-element elementor-element-70247edb elementor-widget__width-initial elementor-widget elementor-widget-text-editor\" data-id=\"70247edb\" data-element_type=\"widget\" data-e-type=\"widget\" data-widget_type=\"text-editor.default\">\n\t\t\t\t<div class=\"elementor-widget-container\">\n\t\t\t\t\t\t\t\t\t<p>Para organiza\u00e7\u00f5es que demandam um ambiente seguro, altamente confi\u00e1vel e adaptado \u00e0s suas necessidades, o Data Center Enterprise Plus \u00e9 a solu\u00e7\u00e3o ideal.<\/p><p>Com infraestrutura personalizada, alta disponibilidade e prote\u00e7\u00e3o avan\u00e7ada, essa solu\u00e7\u00e3o atende os setores financeiro, de sa\u00fade, servi\u00e7os corporativos de miss\u00e3o cr\u00edtica, entre outros.<\/p>\t\t\t\t\t\t\t\t<\/div>\n\t\t\t\t<\/div>\n\t\t\t\t<\/div>\n\t\t\t\t\t<\/div>\n\t\t\t\t<\/div>\n\t\t<div class=\"elementor-element elementor-element-2bb20d2a e-flex e-con-boxed e-con e-parent\" data-id=\"2bb20d2a\" data-element_type=\"container\" data-e-type=\"container\" data-settings=\"{&quot;background_background&quot;:&quot;classic&quot;}\">\n\t\t\t\t\t<div class=\"e-con-inner\">\n\t\t<div class=\"elementor-element elementor-element-2ae39451 e-con-full e-flex e-con e-child\" data-id=\"2ae39451\" data-element_type=\"container\" data-e-type=\"container\">\n\t\t\t\t<div class=\"elementor-element elementor-element-5ffa1f16 elementor-widget__width-auto dev-titleBefore elementor-widget elementor-widget-heading\" data-id=\"5ffa1f16\" data-element_type=\"widget\" data-e-type=\"widget\" data-widget_type=\"heading.default\">\n\t\t\t\t<div class=\"elementor-widget-container\">\n\t\t\t\t\t<h2 class=\"elementor-heading-title elementor-size-default\">Vantagens<\/h2>\t\t\t\t<\/div>\n\t\t\t\t<\/div>\n\t\t\t\t<\/div>\n\t\t<div class=\"elementor-element elementor-element-2e7d4cef e-con-full dev-hoverUp e-flex elementor-invisible e-con e-child\" data-id=\"2e7d4cef\" data-element_type=\"container\" data-e-type=\"container\" data-settings=\"{&quot;background_background&quot;:&quot;classic&quot;,&quot;animation&quot;:&quot;fadeInUp&quot;}\">\n\t\t\t\t<div class=\"elementor-element elementor-element-ba2ce30 elementor-widget elementor-widget-image\" data-id=\"ba2ce30\" data-element_type=\"widget\" data-e-type=\"widget\" data-widget_type=\"image.default\">\n\t\t\t\t<div class=\"elementor-widget-container\">\n\t\t\t\t\t\t\t\t\t\t\t\t\t\t\t<img decoding=\"async\" src=\"https:\/\/247datacenters.com\/wp-content\/uploads\/2025\/09\/lock.svg\" class=\"attachment-full size-full wp-image-1448\" alt=\"\" \/>\t\t\t\t\t\t\t\t\t\t\t\t\t\t\t<\/div>\n\t\t\t\t<\/div>\n\t\t\t\t<div class=\"elementor-element elementor-element-4a1c0cf2 elementor-widget elementor-widget-heading\" data-id=\"4a1c0cf2\" data-element_type=\"widget\" data-e-type=\"widget\" data-widget_type=\"heading.default\">\n\t\t\t\t<div class=\"elementor-widget-container\">\n\t\t\t\t\t<p class=\"elementor-heading-title elementor-size-default\">Seguran\u00e7a em conformidade com normas internacionais<\/p>\t\t\t\t<\/div>\n\t\t\t\t<\/div>\n\t\t\t\t<\/div>\n\t\t<div class=\"elementor-element elementor-element-227f0fe7 e-con-full dev-hoverUp e-flex elementor-invisible e-con e-child\" data-id=\"227f0fe7\" data-element_type=\"container\" data-e-type=\"container\" data-settings=\"{&quot;background_background&quot;:&quot;classic&quot;,&quot;animation&quot;:&quot;fadeInUp&quot;}\">\n\t\t\t\t<div class=\"elementor-element elementor-element-77f2e64d elementor-widget elementor-widget-image\" data-id=\"77f2e64d\" data-element_type=\"widget\" data-e-type=\"widget\" data-widget_type=\"image.default\">\n\t\t\t\t<div class=\"elementor-widget-container\">\n\t\t\t\t\t\t\t\t\t\t\t\t\t\t\t<img decoding=\"async\" src=\"https:\/\/247datacenters.com\/wp-content\/uploads\/2025\/09\/maximize-3.svg\" class=\"attachment-full size-full wp-image-1451\" alt=\"\" \/>\t\t\t\t\t\t\t\t\t\t\t\t\t\t\t<\/div>\n\t\t\t\t<\/div>\n\t\t\t\t<div class=\"elementor-element elementor-element-8244c4e elementor-widget elementor-widget-heading\" data-id=\"8244c4e\" data-element_type=\"widget\" data-e-type=\"widget\" data-widget_type=\"heading.default\">\n\t\t\t\t<div class=\"elementor-widget-container\">\n\t\t\t\t\t<p class=\"elementor-heading-title elementor-size-default\">Infraestrutura flex\u00edvel e personalizada<\/p>\t\t\t\t<\/div>\n\t\t\t\t<\/div>\n\t\t\t\t<\/div>\n\t\t<div class=\"elementor-element elementor-element-6bb55598 e-con-full dev-hoverUp e-flex elementor-invisible e-con e-child\" data-id=\"6bb55598\" data-element_type=\"container\" data-e-type=\"container\" data-settings=\"{&quot;background_background&quot;:&quot;classic&quot;,&quot;animation&quot;:&quot;fadeInUp&quot;}\">\n\t\t\t\t<div class=\"elementor-element elementor-element-37fd841d elementor-widget elementor-widget-image\" data-id=\"37fd841d\" data-element_type=\"widget\" data-e-type=\"widget\" data-widget_type=\"image.default\">\n\t\t\t\t<div class=\"elementor-widget-container\">\n\t\t\t\t\t\t\t\t\t\t\t\t\t\t\t<img decoding=\"async\" src=\"https:\/\/247datacenters.com\/wp-content\/uploads\/2025\/09\/chart.svg\" class=\"attachment-full size-full wp-image-1445\" alt=\"\" \/>\t\t\t\t\t\t\t\t\t\t\t\t\t\t\t<\/div>\n\t\t\t\t<\/div>\n\t\t\t\t<div class=\"elementor-element elementor-element-2c6696da elementor-widget elementor-widget-heading\" data-id=\"2c6696da\" data-element_type=\"widget\" data-e-type=\"widget\" data-widget_type=\"heading.default\">\n\t\t\t\t<div class=\"elementor-widget-container\">\n\t\t\t\t\t<p class=\"elementor-heading-title elementor-size-default\">Alta disponibilidade para continuidade dos neg\u00f3cios<\/p>\t\t\t\t<\/div>\n\t\t\t\t<\/div>\n\t\t\t\t<\/div>\n\t\t\t\t\t<\/div>\n\t\t\t\t<\/div>\n\t\t<div class=\"elementor-element elementor-element-2451ff55 e-flex e-con-boxed e-con e-parent\" data-id=\"2451ff55\" data-element_type=\"container\" data-e-type=\"container\" data-settings=\"{&quot;background_background&quot;:&quot;classic&quot;}\">\n\t\t\t\t\t<div class=\"e-con-inner\">\n\t\t<div class=\"elementor-element elementor-element-11759adf e-con-full e-flex e-con e-child\" data-id=\"11759adf\" data-element_type=\"container\" data-e-type=\"container\">\n\t\t\t\t<div class=\"elementor-element elementor-element-5b2023eb elementor-widget__width-initial elementor-widget-tablet__width-inherit elementor-widget elementor-widget-text-editor\" data-id=\"5b2023eb\" data-element_type=\"widget\" data-e-type=\"widget\" data-widget_type=\"text-editor.default\">\n\t\t\t\t<div class=\"elementor-widget-container\">\n\t\t\t\t\t\t\t\t\tIndependentemente da necessidade do seu neg\u00f3cio, temos a \t\t\t\t\t\t\t\t<\/div>\n\t\t\t\t<\/div>\n\t\t\t\t<div class=\"elementor-element elementor-element-9d54fd7 elementor-widget__width-initial elementor-widget-tablet__width-inherit elementor-widget elementor-widget-text-editor\" data-id=\"9d54fd7\" data-element_type=\"widget\" data-e-type=\"widget\" data-widget_type=\"text-editor.default\">\n\t\t\t\t<div class=\"elementor-widget-container\">\n\t\t\t\t\t\t\t\t\t<p>solu\u00e7\u00e3o certa para impulsionar sua opera\u00e7\u00e3o com efici\u00eancia, conectividade e seguran\u00e7a.<\/p>\t\t\t\t\t\t\t\t<\/div>\n\t\t\t\t<\/div>\n\t\t\t\t<div class=\"elementor-element elementor-element-d5e8950 elementor-widget elementor-widget-spacer\" data-id=\"d5e8950\" data-element_type=\"widget\" data-e-type=\"widget\" data-widget_type=\"spacer.default\">\n\t\t\t\t<div class=\"elementor-widget-container\">\n\t\t\t\t\t\t\t<div class=\"elementor-spacer\">\n\t\t\t<div class=\"elementor-spacer-inner\"><\/div>\n\t\t<\/div>\n\t\t\t\t\t\t<\/div>\n\t\t\t\t<\/div>\n\t\t\t\t<div class=\"elementor-element elementor-element-6c90c473 elementor-hidden-widescreen elementor-hidden-desktop elementor-hidden-laptop elementor-hidden-tablet elementor-widget elementor-widget-spacer\" data-id=\"6c90c473\" data-element_type=\"widget\" data-e-type=\"widget\" data-widget_type=\"spacer.default\">\n\t\t\t\t<div class=\"elementor-widget-container\">\n\t\t\t\t\t\t\t<div class=\"elementor-spacer\">\n\t\t\t<div class=\"elementor-spacer-inner\"><\/div>\n\t\t<\/div>\n\t\t\t\t\t\t<\/div>\n\t\t\t\t<\/div>\n\t\t\t\t<\/div>\n\t\t<div class=\"elementor-element elementor-element-6994f807 e-con-full e-flex e-con e-child\" data-id=\"6994f807\" data-element_type=\"container\" data-e-type=\"container\" data-settings=\"{&quot;background_background&quot;:&quot;classic&quot;}\">\n\t\t\t\t<div class=\"elementor-element elementor-element-a0d36ad elementor-widget elementor-widget-html\" data-id=\"a0d36ad\" data-element_type=\"widget\" data-e-type=\"widget\" data-widget_type=\"html.default\">\n\t\t\t\t<div class=\"elementor-widget-container\">\n\t\t\t\t\t\n<div class=\"wpcf7 no-js\" id=\"wpcf7-f2086-o1\" lang=\"pt-BR\" dir=\"ltr\" data-wpcf7-id=\"2086\">\n<div class=\"screen-reader-response\"><p role=\"status\" aria-live=\"polite\" aria-atomic=\"true\"><\/p> <ul><\/ul><\/div>\n<form action=\"\/pt-br\/wp-json\/wp\/v2\/pages\/1963#wpcf7-f2086-o1\" method=\"post\" class=\"wpcf7-form init\" aria-label=\"Formul\u00e1rios de contato\" novalidate=\"novalidate\" data-status=\"init\">\n<fieldset class=\"hidden-fields-container\"><input type=\"hidden\" name=\"_wpcf7\" value=\"2086\" \/><input type=\"hidden\" name=\"_wpcf7_version\" value=\"6.1.5\" \/><input type=\"hidden\" name=\"_wpcf7_locale\" value=\"pt_BR\" \/><input type=\"hidden\" name=\"_wpcf7_unit_tag\" value=\"wpcf7-f2086-o1\" \/><input type=\"hidden\" name=\"_wpcf7_container_post\" value=\"0\" \/><input type=\"hidden\" name=\"_wpcf7_posted_data_hash\" value=\"\" \/>\n<\/fieldset>\n<div class=\"wpcf7-turnstile cf-turnstile\" data-sitekey=\"0x4AAAAAACsVSiSLXFYh9zNn\" data-response-field-name=\"_wpcf7_turnstile_response\"><\/div>\n\n<div class=\"httfox-cf7-container-white httfox-column\">\n\t<p><label> Nome <span class=\"wpcf7-form-control-wrap\" data-name=\"first-name\"><input size=\"40\" maxlength=\"400\" class=\"wpcf7-form-control wpcf7-text wpcf7-validates-as-required\" autocomplete=\"name\" aria-required=\"true\" aria-invalid=\"false\" placeholder=\"Nome e sobrenome\" value=\"\" type=\"text\" name=\"first-name\" \/><\/span> <\/label>\n\t<\/p>\n\t<p><label> Empresa <span class=\"wpcf7-form-control-wrap\" data-name=\"empresa\"><input size=\"40\" maxlength=\"400\" class=\"wpcf7-form-control wpcf7-text wpcf7-validates-as-required\" autocomplete=\"empresa\" aria-required=\"true\" aria-invalid=\"false\" placeholder=\"Sua empresa\" value=\"\" type=\"text\" name=\"empresa\" \/><\/span> <\/label>\n\t<\/p>\n\t<p><label> E-mail <span class=\"wpcf7-form-control-wrap\" data-name=\"email\"><input size=\"40\" maxlength=\"400\" class=\"wpcf7-form-control wpcf7-email wpcf7-validates-as-required wpcf7-text wpcf7-validates-as-email\" autocomplete=\"email\" aria-required=\"true\" aria-invalid=\"false\" placeholder=\"email@gmail.com\" value=\"\" type=\"email\" name=\"email\" \/><\/span> <\/label>\n\t<\/p>\n\t<p><label> Telefone <span class=\"wpcf7-form-control-wrap\" data-name=\"phone\"><input size=\"40\" class=\"wpcf7-form-control wpcf7-phonetext wpcf7-validates-as-required wpcf7-text wpcf7-validates-as-phonetext\" autocomplete=\"tel\" aria-required=\"true\" aria-invalid=\"false\" placeholder=\"(DDD) 99999-9999\" value=\"\" type=\"text\" name=\"phone\" \/><input type=\"hidden\" name=\"phone-country-code\" class=\"wpcf7-phonetext-country-code\" \/><\/span> <\/label>\n\t<\/p>\n\t<p><label> Mensagem <span class=\"wpcf7-form-control-wrap\" data-name=\"mensagem\"><textarea cols=\"40\" rows=\"10\" maxlength=\"300\" class=\"wpcf7-form-control wpcf7-textarea wpcf7-validates-as-required\" aria-required=\"true\" aria-invalid=\"false\" name=\"mensagem\"><\/textarea><\/span><\/label>\n\t<\/p>\n\t<div class=\"httfox-accept\">\n\t\t<p><span class=\"wpcf7-form-control-wrap\" data-name=\"acceptance-248\"><span class=\"wpcf7-form-control wpcf7-acceptance\"><span class=\"wpcf7-list-item\"><label><input type=\"checkbox\" name=\"acceptance-248\" value=\"1\" aria-invalid=\"false\" \/><span class=\"wpcf7-list-item-label\">Ao inscrever-se, voc\u00ea concorda com os termos de uso e pol\u00edtica de privacidade<\/span><\/label><\/span><\/span><\/span>\n\t\t<\/p>\n\t<\/div>\n\t<div>\n\t\t<p><input class=\"wpcf7-form-control wpcf7-submit has-spinner\" type=\"submit\" value=\"Enviar mensagem\" \/>\n\t\t<\/p>\n\t<\/div>\n<\/div><div class=\"wpcf7-response-output\" aria-hidden=\"true\"><\/div>\n<\/form>\n<\/div>\n\t\t\t\t<\/div>\n\t\t\t\t<\/div>\n\t\t\t\t<\/div>\n\t\t\t\t\t<\/div>\n\t\t\t\t<\/div>\n\t\t\t\t<\/div>\n\t\t","protected":false},"excerpt":{"rendered":"<p>Seguran\u00e7a, confiabilidade e personaliza\u00e7\u00e3o sob medida para empresas que exigem o m\u00e1ximo de desempenho e prote\u00e7\u00e3o.\u00a0\u00a0 Performance m\u00e1xima para suas opera\u00e7\u00f5es mais exigentes. Seguran\u00e7a e personaliza\u00e7\u00e3o para opera\u00e7\u00f5es cr\u00edticas Para organiza\u00e7\u00f5es que demandam um ambiente seguro, altamente confi\u00e1vel e adaptado \u00e0s suas necessidades, o Data Center Enterprise Plus \u00e9 a solu\u00e7\u00e3o ideal. Com infraestrutura personalizada, [&hellip;]<\/p>\n","protected":false},"author":2,"featured_media":0,"parent":0,"menu_order":0,"comment_status":"closed","ping_status":"closed","template":"","meta":{"_acf_changed":false,"footnotes":""},"class_list":["post-1963","page","type-page","status-publish","hentry"],"acf":[],"yoast_head":"<!-- This site is optimized with the Yoast SEO plugin v27.2 - https:\/\/yoast.com\/product\/yoast-seo-wordpress\/ -->\n<title>Enterprise Plus - Seguran\u00e7a para opera\u00e7\u00f5es cr\u00edticas - 247 Datacenters<\/title>\n<meta name=\"description\" content=\"Com infraestrutura personalizada, alta disponibilidade e prote\u00e7\u00e3o, essa solu\u00e7\u00e3o atende servi\u00e7os corporativos de miss\u00e3o cr\u00edtica, entre outros\" \/>\n<meta name=\"robots\" content=\"index, follow, max-snippet:-1, max-image-preview:large, max-video-preview:-1\" \/>\n<link rel=\"canonical\" href=\"https:\/\/247datacenters.com\/pt-br\/enterprise-plus\/\" \/>\n<meta property=\"og:locale\" content=\"pt_BR\" \/>\n<meta property=\"og:type\" content=\"article\" \/>\n<meta property=\"og:title\" content=\"Enterprise Plus - Seguran\u00e7a para opera\u00e7\u00f5es cr\u00edticas - 247 Datacenters\" \/>\n<meta property=\"og:description\" content=\"Com infraestrutura personalizada, alta disponibilidade e prote\u00e7\u00e3o, essa solu\u00e7\u00e3o atende servi\u00e7os corporativos de miss\u00e3o cr\u00edtica, entre outros\" \/>\n<meta property=\"og:url\" content=\"https:\/\/247datacenters.com\/pt-br\/enterprise-plus\/\" \/>\n<meta property=\"og:site_name\" content=\"247 Datacenters\" \/>\n<meta property=\"article:modified_time\" content=\"2026-01-16T19:54:43+00:00\" \/>\n<meta property=\"og:image\" content=\"https:\/\/247datacenters.com\/wp-content\/uploads\/2025\/09\/lock.svg\" \/>\n<meta name=\"twitter:card\" content=\"summary_large_image\" \/>\n<meta name=\"twitter:label1\" content=\"Est. tempo de leitura\" \/>\n\t<meta name=\"twitter:data1\" content=\"2 minutos\" \/>\n<script type=\"application\/ld+json\" class=\"yoast-schema-graph\">{\"@context\":\"https:\/\/schema.org\",\"@graph\":[{\"@type\":\"WebPage\",\"@id\":\"https:\/\/247datacenters.com\/pt-br\/enterprise-plus\/\",\"url\":\"https:\/\/247datacenters.com\/pt-br\/enterprise-plus\/\",\"name\":\"Enterprise Plus - Seguran\u00e7a para opera\u00e7\u00f5es cr\u00edticas - 247 Datacenters\",\"isPartOf\":{\"@id\":\"https:\/\/247datacenters.com\/#website\"},\"primaryImageOfPage\":{\"@id\":\"https:\/\/247datacenters.com\/pt-br\/enterprise-plus\/#primaryimage\"},\"image\":{\"@id\":\"https:\/\/247datacenters.com\/pt-br\/enterprise-plus\/#primaryimage\"},\"thumbnailUrl\":\"https:\/\/247datacenters.com\/wp-content\/uploads\/2025\/09\/lock.svg\",\"datePublished\":\"2025-09-26T02:09:15+00:00\",\"dateModified\":\"2026-01-16T19:54:43+00:00\",\"description\":\"Com infraestrutura personalizada, alta disponibilidade e prote\u00e7\u00e3o, essa solu\u00e7\u00e3o atende servi\u00e7os corporativos de miss\u00e3o cr\u00edtica, entre outros\",\"breadcrumb\":{\"@id\":\"https:\/\/247datacenters.com\/pt-br\/enterprise-plus\/#breadcrumb\"},\"inLanguage\":\"pt-BR\",\"potentialAction\":[{\"@type\":\"ReadAction\",\"target\":[\"https:\/\/247datacenters.com\/pt-br\/enterprise-plus\/\"]}]},{\"@type\":\"ImageObject\",\"inLanguage\":\"pt-BR\",\"@id\":\"https:\/\/247datacenters.com\/pt-br\/enterprise-plus\/#primaryimage\",\"url\":\"https:\/\/247datacenters.com\/wp-content\/uploads\/2025\/09\/lock.svg\",\"contentUrl\":\"https:\/\/247datacenters.com\/wp-content\/uploads\/2025\/09\/lock.svg\"},{\"@type\":\"BreadcrumbList\",\"@id\":\"https:\/\/247datacenters.com\/pt-br\/enterprise-plus\/#breadcrumb\",\"itemListElement\":[{\"@type\":\"ListItem\",\"position\":1,\"name\":\"Home\",\"item\":\"https:\/\/247datacenters.com\/pt-br\/\"},{\"@type\":\"ListItem\",\"position\":2,\"name\":\"Enterprise Plus\"}]},{\"@type\":\"WebSite\",\"@id\":\"https:\/\/247datacenters.com\/#website\",\"url\":\"https:\/\/247datacenters.com\/\",\"name\":\"247 Datacenters\",\"description\":\"\",\"publisher\":{\"@id\":\"https:\/\/247datacenters.com\/#organization\"},\"potentialAction\":[{\"@type\":\"SearchAction\",\"target\":{\"@type\":\"EntryPoint\",\"urlTemplate\":\"https:\/\/247datacenters.com\/?s={search_term_string}\"},\"query-input\":{\"@type\":\"PropertyValueSpecification\",\"valueRequired\":true,\"valueName\":\"search_term_string\"}}],\"inLanguage\":\"pt-BR\"},{\"@type\":\"Organization\",\"@id\":\"https:\/\/247datacenters.com\/#organization\",\"name\":\"247 Datacenters\",\"url\":\"https:\/\/247datacenters.com\/\",\"logo\":{\"@type\":\"ImageObject\",\"inLanguage\":\"pt-BR\",\"@id\":\"https:\/\/247datacenters.com\/#\/schema\/logo\/image\/\",\"url\":\"https:\/\/247datacenters.com\/wp-content\/uploads\/2025\/05\/247dataCenters-logo_w.svg\",\"contentUrl\":\"https:\/\/247datacenters.com\/wp-content\/uploads\/2025\/05\/247dataCenters-logo_w.svg\",\"width\":347,\"height\":148,\"caption\":\"247 Datacenters\"},\"image\":{\"@id\":\"https:\/\/247datacenters.com\/#\/schema\/logo\/image\/\"}}]}<\/script>\n<!-- \/ Yoast SEO plugin. -->","yoast_head_json":{"title":"Enterprise Plus - Seguran\u00e7a para opera\u00e7\u00f5es cr\u00edticas - 247 Datacenters","description":"Com infraestrutura personalizada, alta disponibilidade e prote\u00e7\u00e3o, essa solu\u00e7\u00e3o atende servi\u00e7os corporativos de miss\u00e3o cr\u00edtica, entre outros","robots":{"index":"index","follow":"follow","max-snippet":"max-snippet:-1","max-image-preview":"max-image-preview:large","max-video-preview":"max-video-preview:-1"},"canonical":"https:\/\/247datacenters.com\/pt-br\/enterprise-plus\/","og_locale":"pt_BR","og_type":"article","og_title":"Enterprise Plus - Seguran\u00e7a para opera\u00e7\u00f5es cr\u00edticas - 247 Datacenters","og_description":"Com infraestrutura personalizada, alta disponibilidade e prote\u00e7\u00e3o, essa solu\u00e7\u00e3o atende servi\u00e7os corporativos de miss\u00e3o cr\u00edtica, entre outros","og_url":"https:\/\/247datacenters.com\/pt-br\/enterprise-plus\/","og_site_name":"247 Datacenters","article_modified_time":"2026-01-16T19:54:43+00:00","og_image":[{"url":"https:\/\/247datacenters.com\/wp-content\/uploads\/2025\/09\/lock.svg","type":"","width":"","height":""}],"twitter_card":"summary_large_image","twitter_misc":{"Est. tempo de leitura":"2 minutos"},"schema":{"@context":"https:\/\/schema.org","@graph":[{"@type":"WebPage","@id":"https:\/\/247datacenters.com\/pt-br\/enterprise-plus\/","url":"https:\/\/247datacenters.com\/pt-br\/enterprise-plus\/","name":"Enterprise Plus - Seguran\u00e7a para opera\u00e7\u00f5es cr\u00edticas - 247 Datacenters","isPartOf":{"@id":"https:\/\/247datacenters.com\/#website"},"primaryImageOfPage":{"@id":"https:\/\/247datacenters.com\/pt-br\/enterprise-plus\/#primaryimage"},"image":{"@id":"https:\/\/247datacenters.com\/pt-br\/enterprise-plus\/#primaryimage"},"thumbnailUrl":"https:\/\/247datacenters.com\/wp-content\/uploads\/2025\/09\/lock.svg","datePublished":"2025-09-26T02:09:15+00:00","dateModified":"2026-01-16T19:54:43+00:00","description":"Com infraestrutura personalizada, alta disponibilidade e prote\u00e7\u00e3o, essa solu\u00e7\u00e3o atende servi\u00e7os corporativos de miss\u00e3o cr\u00edtica, entre outros","breadcrumb":{"@id":"https:\/\/247datacenters.com\/pt-br\/enterprise-plus\/#breadcrumb"},"inLanguage":"pt-BR","potentialAction":[{"@type":"ReadAction","target":["https:\/\/247datacenters.com\/pt-br\/enterprise-plus\/"]}]},{"@type":"ImageObject","inLanguage":"pt-BR","@id":"https:\/\/247datacenters.com\/pt-br\/enterprise-plus\/#primaryimage","url":"https:\/\/247datacenters.com\/wp-content\/uploads\/2025\/09\/lock.svg","contentUrl":"https:\/\/247datacenters.com\/wp-content\/uploads\/2025\/09\/lock.svg"},{"@type":"BreadcrumbList","@id":"https:\/\/247datacenters.com\/pt-br\/enterprise-plus\/#breadcrumb","itemListElement":[{"@type":"ListItem","position":1,"name":"Home","item":"https:\/\/247datacenters.com\/pt-br\/"},{"@type":"ListItem","position":2,"name":"Enterprise Plus"}]},{"@type":"WebSite","@id":"https:\/\/247datacenters.com\/#website","url":"https:\/\/247datacenters.com\/","name":"247 Datacenters","description":"","publisher":{"@id":"https:\/\/247datacenters.com\/#organization"},"potentialAction":[{"@type":"SearchAction","target":{"@type":"EntryPoint","urlTemplate":"https:\/\/247datacenters.com\/?s={search_term_string}"},"query-input":{"@type":"PropertyValueSpecification","valueRequired":true,"valueName":"search_term_string"}}],"inLanguage":"pt-BR"},{"@type":"Organization","@id":"https:\/\/247datacenters.com\/#organization","name":"247 Datacenters","url":"https:\/\/247datacenters.com\/","logo":{"@type":"ImageObject","inLanguage":"pt-BR","@id":"https:\/\/247datacenters.com\/#\/schema\/logo\/image\/","url":"https:\/\/247datacenters.com\/wp-content\/uploads\/2025\/05\/247dataCenters-logo_w.svg","contentUrl":"https:\/\/247datacenters.com\/wp-content\/uploads\/2025\/05\/247dataCenters-logo_w.svg","width":347,"height":148,"caption":"247 Datacenters"},"image":{"@id":"https:\/\/247datacenters.com\/#\/schema\/logo\/image\/"}}]}},"_links":{"self":[{"href":"https:\/\/247datacenters.com\/pt-br\/wp-json\/wp\/v2\/pages\/1963","targetHints":{"allow":["GET"]}}],"collection":[{"href":"https:\/\/247datacenters.com\/pt-br\/wp-json\/wp\/v2\/pages"}],"about":[{"href":"https:\/\/247datacenters.com\/pt-br\/wp-json\/wp\/v2\/types\/page"}],"author":[{"embeddable":true,"href":"https:\/\/247datacenters.com\/pt-br\/wp-json\/wp\/v2\/users\/2"}],"replies":[{"embeddable":true,"href":"https:\/\/247datacenters.com\/pt-br\/wp-json\/wp\/v2\/comments?post=1963"}],"version-history":[{"count":1,"href":"https:\/\/247datacenters.com\/pt-br\/wp-json\/wp\/v2\/pages\/1963\/revisions"}],"predecessor-version":[{"id":2783,"href":"https:\/\/247datacenters.com\/pt-br\/wp-json\/wp\/v2\/pages\/1963\/revisions\/2783"}],"wp:attachment":[{"href":"https:\/\/247datacenters.com\/pt-br\/wp-json\/wp\/v2\/media?parent=1963"}],"curies":[{"name":"wp","href":"https:\/\/api.w.org\/{rel}","templated":true}]}}