{"id":1965,"date":"2025-09-26T02:09:01","date_gmt":"2025-09-26T02:09:01","guid":{"rendered":"https:\/\/247datacenters.com\/hyperscale\/"},"modified":"2026-01-16T20:09:16","modified_gmt":"2026-01-16T20:09:16","slug":"hyperscale","status":"publish","type":"page","link":"https:\/\/247datacenters.com\/pt-br\/hyperscale\/","title":{"rendered":"Hyperscale"},"content":{"rendered":"\t\t<div data-elementor-type=\"wp-page\" data-elementor-id=\"1965\" class=\"elementor elementor-1965 elementor-1243\" data-elementor-post-type=\"page\">\n\t\t\t\t<div class=\"elementor-element elementor-element-9baec45 e-flex e-con-boxed e-con e-parent\" data-id=\"9baec45\" data-element_type=\"container\" data-e-type=\"container\" data-settings=\"{&quot;background_background&quot;:&quot;classic&quot;}\">\n\t\t\t\t\t<div class=\"e-con-inner\">\n\t\t<div class=\"elementor-element elementor-element-ab1171c e-con-full e-flex elementor-invisible e-con e-child\" data-id=\"ab1171c\" data-element_type=\"container\" data-e-type=\"container\" data-settings=\"{&quot;background_background&quot;:&quot;classic&quot;,&quot;animation&quot;:&quot;fadeInUp&quot;}\">\n\t\t\t\t<div class=\"elementor-element elementor-element-a6b08f2 elementor-widget__width-auto dev-titleHeader elementor-widget elementor-widget-heading\" data-id=\"a6b08f2\" data-element_type=\"widget\" data-e-type=\"widget\" data-widget_type=\"heading.default\">\n\t\t\t\t<div class=\"elementor-widget-container\">\n\t\t\t\t\t<h2 class=\"elementor-heading-title elementor-size-default\">Hyperscale<\/h2>\t\t\t\t<\/div>\n\t\t\t\t<\/div>\n\t\t\t\t<div class=\"elementor-element elementor-element-212f325 elementor-widget__width-initial elementor-widget elementor-widget-heading\" data-id=\"212f325\" data-element_type=\"widget\" data-e-type=\"widget\" data-widget_type=\"heading.default\">\n\t\t\t\t<div class=\"elementor-widget-container\">\n\t\t\t\t\t<p class=\"elementor-heading-title elementor-size-default\">Escalabilidade sem limites para empresas que precisam de infraestrutura robusta e flex\u00edvel.<\/p>\t\t\t\t<\/div>\n\t\t\t\t<\/div>\n\t\t\t\t<div class=\"elementor-element elementor-element-eff5dcd elementor-widget__width-initial elementor-widget elementor-widget-text-editor\" data-id=\"eff5dcd\" data-element_type=\"widget\" data-e-type=\"widget\" data-widget_type=\"text-editor.default\">\n\t\t\t\t<div class=\"elementor-widget-container\">\n\t\t\t\t\t\t\t\t\tPerformance m\u00e1xima para suas opera\u00e7\u00f5es mais exigentes.\t\t\t\t\t\t\t\t<\/div>\n\t\t\t\t<\/div>\n\t\t\t\t<\/div>\n\t\t\t\t\t<\/div>\n\t\t\t\t<\/div>\n\t\t<div class=\"elementor-element elementor-element-faa656e e-flex e-con-boxed e-con e-parent\" data-id=\"faa656e\" data-element_type=\"container\" data-e-type=\"container\" data-settings=\"{&quot;background_background&quot;:&quot;classic&quot;}\">\n\t\t\t\t\t<div class=\"e-con-inner\">\n\t\t<div class=\"elementor-element elementor-element-5af8931 e-con-full e-flex e-con e-child\" data-id=\"5af8931\" data-element_type=\"container\" data-e-type=\"container\">\n\t\t\t\t<div class=\"elementor-element elementor-element-4fc39fd elementor-widget__width-initial elementor-widget elementor-widget-heading\" data-id=\"4fc39fd\" data-element_type=\"widget\" data-e-type=\"widget\" data-widget_type=\"heading.default\">\n\t\t\t\t<div class=\"elementor-widget-container\">\n\t\t\t\t\t<h2 class=\"elementor-heading-title elementor-size-default\">Pot\u00eancia e escalabilidade <span class=\"txt-600 txt-black\">para grandes opera\u00e7\u00f5es<\/span> <\/h2>\t\t\t\t<\/div>\n\t\t\t\t<\/div>\n\t\t\t\t<\/div>\n\t\t<div class=\"elementor-element elementor-element-ecf2b7f e-con-full e-flex e-con e-child\" data-id=\"ecf2b7f\" data-element_type=\"container\" data-e-type=\"container\">\n\t\t\t\t<div class=\"elementor-element elementor-element-2c0ef71 elementor-widget__width-initial elementor-widget elementor-widget-text-editor\" data-id=\"2c0ef71\" data-element_type=\"widget\" data-e-type=\"widget\" data-widget_type=\"text-editor.default\">\n\t\t\t\t<div class=\"elementor-widget-container\">\n\t\t\t\t\t\t\t\t\t<p>Projetado para gigantes do mercado digital, o Hyperscale oferece infraestrutura de alta densidade com capacidade ilimitada de expans\u00e3o.\u00a0<\/p><p>Essa solu\u00e7\u00e3o \u00e9 ideal para grandes provedores de nuvem, plataformas de streaming,\u00a0 grandes empresas de tecnologia e empresas digitais de alto tr\u00e1fego, como redes sociais, que precisam de performance extrema e escalabilidade instant\u00e2nea.<\/p>\t\t\t\t\t\t\t\t<\/div>\n\t\t\t\t<\/div>\n\t\t\t\t<\/div>\n\t\t\t\t\t<\/div>\n\t\t\t\t<\/div>\n\t\t<div class=\"elementor-element elementor-element-a5037be e-flex e-con-boxed e-con e-parent\" data-id=\"a5037be\" data-element_type=\"container\" data-e-type=\"container\" data-settings=\"{&quot;background_background&quot;:&quot;classic&quot;}\">\n\t\t\t\t\t<div class=\"e-con-inner\">\n\t\t<div class=\"elementor-element elementor-element-06b2fae e-con-full e-flex e-con e-child\" data-id=\"06b2fae\" data-element_type=\"container\" data-e-type=\"container\">\n\t\t\t\t<div class=\"elementor-element elementor-element-6016885 elementor-widget__width-auto dev-titleBefore elementor-widget elementor-widget-heading\" data-id=\"6016885\" data-element_type=\"widget\" data-e-type=\"widget\" data-widget_type=\"heading.default\">\n\t\t\t\t<div class=\"elementor-widget-container\">\n\t\t\t\t\t<h2 class=\"elementor-heading-title elementor-size-default\">Vantagens<\/h2>\t\t\t\t<\/div>\n\t\t\t\t<\/div>\n\t\t\t\t<\/div>\n\t\t<div class=\"elementor-element elementor-element-0cf637c e-con-full dev-hoverUp e-flex elementor-invisible e-con e-child\" data-id=\"0cf637c\" data-element_type=\"container\" data-e-type=\"container\" data-settings=\"{&quot;background_background&quot;:&quot;classic&quot;,&quot;animation&quot;:&quot;fadeInUp&quot;}\">\n\t\t\t\t<div class=\"elementor-element elementor-element-d4dcf66 elementor-widget elementor-widget-image\" data-id=\"d4dcf66\" data-element_type=\"widget\" data-e-type=\"widget\" data-widget_type=\"image.default\">\n\t\t\t\t<div class=\"elementor-widget-container\">\n\t\t\t\t\t\t\t\t\t\t\t\t\t\t\t<img decoding=\"async\" src=\"https:\/\/247datacenters.com\/wp-content\/uploads\/2025\/09\/icon-3square.svg\" class=\"attachment-full size-full wp-image-1277\" alt=\"\" \/>\t\t\t\t\t\t\t\t\t\t\t\t\t\t\t<\/div>\n\t\t\t\t<\/div>\n\t\t\t\t<div class=\"elementor-element elementor-element-35d8587 elementor-widget elementor-widget-heading\" data-id=\"35d8587\" data-element_type=\"widget\" data-e-type=\"widget\" data-widget_type=\"heading.default\">\n\t\t\t\t<div class=\"elementor-widget-container\">\n\t\t\t\t\t<p class=\"elementor-heading-title elementor-size-default\">Escalabilidade e flexibilidade<\/p>\t\t\t\t<\/div>\n\t\t\t\t<\/div>\n\t\t\t\t<\/div>\n\t\t<div class=\"elementor-element elementor-element-16c7ae9 e-con-full dev-hoverUp e-flex elementor-invisible e-con e-child\" data-id=\"16c7ae9\" data-element_type=\"container\" data-e-type=\"container\" data-settings=\"{&quot;background_background&quot;:&quot;classic&quot;,&quot;animation&quot;:&quot;fadeInUp&quot;}\">\n\t\t\t\t<div class=\"elementor-element elementor-element-90b3bf9 elementor-widget elementor-widget-image\" data-id=\"90b3bf9\" data-element_type=\"widget\" data-e-type=\"widget\" data-widget_type=\"image.default\">\n\t\t\t\t<div class=\"elementor-widget-container\">\n\t\t\t\t\t\t\t\t\t\t\t\t\t\t\t<img decoding=\"async\" src=\"https:\/\/247datacenters.com\/wp-content\/uploads\/2025\/09\/icon-data-1.svg\" class=\"attachment-full size-full wp-image-1342\" alt=\"\" \/>\t\t\t\t\t\t\t\t\t\t\t\t\t\t\t<\/div>\n\t\t\t\t<\/div>\n\t\t\t\t<div class=\"elementor-element elementor-element-fcf5eb7 elementor-widget elementor-widget-heading\" data-id=\"fcf5eb7\" data-element_type=\"widget\" data-e-type=\"widget\" data-widget_type=\"heading.default\">\n\t\t\t\t<div class=\"elementor-widget-container\">\n\t\t\t\t\t<p class=\"elementor-heading-title elementor-size-default\">Infraestrutura resiliente e de alta confiabilidade<\/p>\t\t\t\t<\/div>\n\t\t\t\t<\/div>\n\t\t\t\t<\/div>\n\t\t<div class=\"elementor-element elementor-element-64bedfd e-con-full dev-hoverUp e-flex elementor-invisible e-con e-child\" data-id=\"64bedfd\" data-element_type=\"container\" data-e-type=\"container\" data-settings=\"{&quot;background_background&quot;:&quot;classic&quot;,&quot;animation&quot;:&quot;fadeInUp&quot;}\">\n\t\t\t\t<div class=\"elementor-element elementor-element-a3d92dd elementor-widget elementor-widget-image\" data-id=\"a3d92dd\" data-element_type=\"widget\" data-e-type=\"widget\" data-widget_type=\"image.default\">\n\t\t\t\t<div class=\"elementor-widget-container\">\n\t\t\t\t\t\t\t\t\t\t\t\t\t\t\t<img decoding=\"async\" src=\"https:\/\/247datacenters.com\/wp-content\/uploads\/2025\/09\/icon-status-up-1.svg\" class=\"attachment-full size-full wp-image-1345\" alt=\"\" \/>\t\t\t\t\t\t\t\t\t\t\t\t\t\t\t<\/div>\n\t\t\t\t<\/div>\n\t\t\t\t<div class=\"elementor-element elementor-element-e8e11ba elementor-widget elementor-widget-heading\" data-id=\"e8e11ba\" data-element_type=\"widget\" data-e-type=\"widget\" data-widget_type=\"heading.default\">\n\t\t\t\t<div class=\"elementor-widget-container\">\n\t\t\t\t\t<p class=\"elementor-heading-title elementor-size-default\">Efici\u00eancia e \nperformance operacional\n<\/p>\t\t\t\t<\/div>\n\t\t\t\t<\/div>\n\t\t\t\t<\/div>\n\t\t\t\t\t<\/div>\n\t\t\t\t<\/div>\n\t\t<div class=\"elementor-element elementor-element-76f69b45 e-flex e-con-boxed e-con e-parent\" data-id=\"76f69b45\" data-element_type=\"container\" data-e-type=\"container\" data-settings=\"{&quot;background_background&quot;:&quot;classic&quot;}\">\n\t\t\t\t\t<div class=\"e-con-inner\">\n\t\t<div class=\"elementor-element elementor-element-624a5912 e-con-full e-flex e-con e-child\" data-id=\"624a5912\" data-element_type=\"container\" data-e-type=\"container\">\n\t\t\t\t<div class=\"elementor-element elementor-element-38c8fbee elementor-widget__width-initial elementor-widget-tablet__width-inherit elementor-widget elementor-widget-text-editor\" data-id=\"38c8fbee\" data-element_type=\"widget\" data-e-type=\"widget\" data-widget_type=\"text-editor.default\">\n\t\t\t\t<div class=\"elementor-widget-container\">\n\t\t\t\t\t\t\t\t\tOferecemos infraestrutura de Data Center de alto desempenho para atender \u00e0s mais diversas demandas.\t\t\t\t\t\t\t\t<\/div>\n\t\t\t\t<\/div>\n\t\t\t\t<div class=\"elementor-element elementor-element-fc3ec77 elementor-hidden-widescreen elementor-hidden-desktop elementor-hidden-laptop elementor-hidden-tablet elementor-widget elementor-widget-spacer\" data-id=\"fc3ec77\" data-element_type=\"widget\" data-e-type=\"widget\" data-widget_type=\"spacer.default\">\n\t\t\t\t<div class=\"elementor-widget-container\">\n\t\t\t\t\t\t\t<div class=\"elementor-spacer\">\n\t\t\t<div class=\"elementor-spacer-inner\"><\/div>\n\t\t<\/div>\n\t\t\t\t\t\t<\/div>\n\t\t\t\t<\/div>\n\t\t\t\t<\/div>\n\t\t<div class=\"elementor-element elementor-element-166363fe e-con-full e-flex e-con e-child\" data-id=\"166363fe\" data-element_type=\"container\" data-e-type=\"container\" data-settings=\"{&quot;background_background&quot;:&quot;classic&quot;}\">\n\t\t\t\t<div class=\"elementor-element elementor-element-2a96173e elementor-widget elementor-widget-html\" data-id=\"2a96173e\" data-element_type=\"widget\" data-e-type=\"widget\" data-widget_type=\"html.default\">\n\t\t\t\t<div class=\"elementor-widget-container\">\n\t\t\t\t\t\n<div class=\"wpcf7 no-js\" id=\"wpcf7-f2086-o1\" lang=\"pt-BR\" dir=\"ltr\" data-wpcf7-id=\"2086\">\n<div class=\"screen-reader-response\"><p role=\"status\" aria-live=\"polite\" aria-atomic=\"true\"><\/p> <ul><\/ul><\/div>\n<form action=\"\/pt-br\/wp-json\/wp\/v2\/pages\/1965#wpcf7-f2086-o1\" method=\"post\" class=\"wpcf7-form init\" aria-label=\"Formul\u00e1rios de contato\" novalidate=\"novalidate\" data-status=\"init\">\n<fieldset class=\"hidden-fields-container\"><input type=\"hidden\" name=\"_wpcf7\" value=\"2086\" \/><input type=\"hidden\" name=\"_wpcf7_version\" value=\"6.1.5\" \/><input type=\"hidden\" name=\"_wpcf7_locale\" value=\"pt_BR\" \/><input type=\"hidden\" name=\"_wpcf7_unit_tag\" value=\"wpcf7-f2086-o1\" \/><input type=\"hidden\" name=\"_wpcf7_container_post\" value=\"0\" \/><input type=\"hidden\" name=\"_wpcf7_posted_data_hash\" value=\"\" \/>\n<\/fieldset>\n<div class=\"wpcf7-turnstile cf-turnstile\" data-sitekey=\"0x4AAAAAACsVSiSLXFYh9zNn\" data-response-field-name=\"_wpcf7_turnstile_response\"><\/div>\n\n<div class=\"httfox-cf7-container-white httfox-column\">\n\t<p><label> Nome <span class=\"wpcf7-form-control-wrap\" data-name=\"first-name\"><input size=\"40\" maxlength=\"400\" class=\"wpcf7-form-control wpcf7-text wpcf7-validates-as-required\" autocomplete=\"name\" aria-required=\"true\" aria-invalid=\"false\" placeholder=\"Nome e sobrenome\" value=\"\" type=\"text\" name=\"first-name\" \/><\/span> <\/label>\n\t<\/p>\n\t<p><label> Empresa <span class=\"wpcf7-form-control-wrap\" data-name=\"empresa\"><input size=\"40\" maxlength=\"400\" class=\"wpcf7-form-control wpcf7-text wpcf7-validates-as-required\" autocomplete=\"empresa\" aria-required=\"true\" aria-invalid=\"false\" placeholder=\"Sua empresa\" value=\"\" type=\"text\" name=\"empresa\" \/><\/span> <\/label>\n\t<\/p>\n\t<p><label> E-mail <span class=\"wpcf7-form-control-wrap\" data-name=\"email\"><input size=\"40\" maxlength=\"400\" class=\"wpcf7-form-control wpcf7-email wpcf7-validates-as-required wpcf7-text wpcf7-validates-as-email\" autocomplete=\"email\" aria-required=\"true\" aria-invalid=\"false\" placeholder=\"email@gmail.com\" value=\"\" type=\"email\" name=\"email\" \/><\/span> <\/label>\n\t<\/p>\n\t<p><label> Telefone <span class=\"wpcf7-form-control-wrap\" data-name=\"phone\"><input size=\"40\" class=\"wpcf7-form-control wpcf7-phonetext wpcf7-validates-as-required wpcf7-text wpcf7-validates-as-phonetext\" autocomplete=\"tel\" aria-required=\"true\" aria-invalid=\"false\" placeholder=\"(DDD) 99999-9999\" value=\"\" type=\"text\" name=\"phone\" \/><input type=\"hidden\" name=\"phone-country-code\" class=\"wpcf7-phonetext-country-code\" \/><\/span> <\/label>\n\t<\/p>\n\t<p><label> Mensagem <span class=\"wpcf7-form-control-wrap\" data-name=\"mensagem\"><textarea cols=\"40\" rows=\"10\" maxlength=\"300\" class=\"wpcf7-form-control wpcf7-textarea wpcf7-validates-as-required\" aria-required=\"true\" aria-invalid=\"false\" name=\"mensagem\"><\/textarea><\/span><\/label>\n\t<\/p>\n\t<div class=\"httfox-accept\">\n\t\t<p><span class=\"wpcf7-form-control-wrap\" data-name=\"acceptance-248\"><span class=\"wpcf7-form-control wpcf7-acceptance\"><span class=\"wpcf7-list-item\"><label><input type=\"checkbox\" name=\"acceptance-248\" value=\"1\" aria-invalid=\"false\" \/><span class=\"wpcf7-list-item-label\">Ao inscrever-se, voc\u00ea concorda com os termos de uso e pol\u00edtica de privacidade<\/span><\/label><\/span><\/span><\/span>\n\t\t<\/p>\n\t<\/div>\n\t<div>\n\t\t<p><input class=\"wpcf7-form-control wpcf7-submit has-spinner\" type=\"submit\" value=\"Enviar mensagem\" \/>\n\t\t<\/p>\n\t<\/div>\n<\/div><div class=\"wpcf7-response-output\" aria-hidden=\"true\"><\/div>\n<\/form>\n<\/div>\n\t\t\t\t<\/div>\n\t\t\t\t<\/div>\n\t\t\t\t<\/div>\n\t\t\t\t\t<\/div>\n\t\t\t\t<\/div>\n\t\t\t\t<\/div>\n\t\t","protected":false},"excerpt":{"rendered":"<p>Escalabilidade sem limites para empresas que precisam de infraestrutura robusta e flex\u00edvel. Performance m\u00e1xima para suas opera\u00e7\u00f5es mais exigentes. Pot\u00eancia e escalabilidade para grandes opera\u00e7\u00f5es Projetado para gigantes do mercado digital, o Hyperscale oferece infraestrutura de alta densidade com capacidade ilimitada de expans\u00e3o.\u00a0 Essa solu\u00e7\u00e3o \u00e9 ideal para grandes provedores de nuvem, plataformas de streaming,\u00a0 [&hellip;]<\/p>\n","protected":false},"author":2,"featured_media":0,"parent":0,"menu_order":0,"comment_status":"closed","ping_status":"closed","template":"","meta":{"_acf_changed":false,"footnotes":""},"class_list":["post-1965","page","type-page","status-publish","hentry"],"acf":[],"yoast_head":"<!-- This site is optimized with the Yoast SEO plugin v27.2 - https:\/\/yoast.com\/product\/yoast-seo-wordpress\/ -->\n<title>Hyperscale - Pot\u00eancia e escalabilidade para grandes opera\u00e7\u00f5es - 247 Datacenters<\/title>\n<meta name=\"description\" content=\"Escalabilidade sem limites para empresas que precisam de infraestrutura robusta e flex\u00edvel. Performance m\u00e1xima para suas opera\u00e7\u00f5es mais exigentes.\" \/>\n<meta name=\"robots\" content=\"index, follow, max-snippet:-1, max-image-preview:large, max-video-preview:-1\" \/>\n<link rel=\"canonical\" href=\"https:\/\/247datacenters.com\/pt-br\/hyperscale\/\" \/>\n<meta property=\"og:locale\" content=\"pt_BR\" \/>\n<meta property=\"og:type\" content=\"article\" \/>\n<meta property=\"og:title\" content=\"Hyperscale - Pot\u00eancia e escalabilidade para grandes opera\u00e7\u00f5es - 247 Datacenters\" \/>\n<meta property=\"og:description\" content=\"Escalabilidade sem limites para empresas que precisam de infraestrutura robusta e flex\u00edvel. Performance m\u00e1xima para suas opera\u00e7\u00f5es mais exigentes.\" \/>\n<meta property=\"og:url\" content=\"https:\/\/247datacenters.com\/pt-br\/hyperscale\/\" \/>\n<meta property=\"og:site_name\" content=\"247 Datacenters\" \/>\n<meta property=\"article:modified_time\" content=\"2026-01-16T20:09:16+00:00\" \/>\n<meta property=\"og:image\" content=\"https:\/\/247datacenters.com\/wp-content\/uploads\/2025\/09\/icon-3square.svg\" \/>\n<meta name=\"twitter:card\" content=\"summary_large_image\" \/>\n<meta name=\"twitter:label1\" content=\"Est. tempo de leitura\" \/>\n\t<meta name=\"twitter:data1\" content=\"2 minutos\" \/>\n<script type=\"application\/ld+json\" class=\"yoast-schema-graph\">{\"@context\":\"https:\/\/schema.org\",\"@graph\":[{\"@type\":\"WebPage\",\"@id\":\"https:\/\/247datacenters.com\/pt-br\/hyperscale\/\",\"url\":\"https:\/\/247datacenters.com\/pt-br\/hyperscale\/\",\"name\":\"Hyperscale - Pot\u00eancia e escalabilidade para grandes opera\u00e7\u00f5es - 247 Datacenters\",\"isPartOf\":{\"@id\":\"https:\/\/247datacenters.com\/#website\"},\"primaryImageOfPage\":{\"@id\":\"https:\/\/247datacenters.com\/pt-br\/hyperscale\/#primaryimage\"},\"image\":{\"@id\":\"https:\/\/247datacenters.com\/pt-br\/hyperscale\/#primaryimage\"},\"thumbnailUrl\":\"https:\/\/247datacenters.com\/wp-content\/uploads\/2025\/09\/icon-3square.svg\",\"datePublished\":\"2025-09-26T02:09:01+00:00\",\"dateModified\":\"2026-01-16T20:09:16+00:00\",\"description\":\"Escalabilidade sem limites para empresas que precisam de infraestrutura robusta e flex\u00edvel. Performance m\u00e1xima para suas opera\u00e7\u00f5es mais exigentes.\",\"breadcrumb\":{\"@id\":\"https:\/\/247datacenters.com\/pt-br\/hyperscale\/#breadcrumb\"},\"inLanguage\":\"pt-BR\",\"potentialAction\":[{\"@type\":\"ReadAction\",\"target\":[\"https:\/\/247datacenters.com\/pt-br\/hyperscale\/\"]}]},{\"@type\":\"ImageObject\",\"inLanguage\":\"pt-BR\",\"@id\":\"https:\/\/247datacenters.com\/pt-br\/hyperscale\/#primaryimage\",\"url\":\"https:\/\/247datacenters.com\/wp-content\/uploads\/2025\/09\/icon-3square.svg\",\"contentUrl\":\"https:\/\/247datacenters.com\/wp-content\/uploads\/2025\/09\/icon-3square.svg\"},{\"@type\":\"BreadcrumbList\",\"@id\":\"https:\/\/247datacenters.com\/pt-br\/hyperscale\/#breadcrumb\",\"itemListElement\":[{\"@type\":\"ListItem\",\"position\":1,\"name\":\"Home\",\"item\":\"https:\/\/247datacenters.com\/pt-br\/\"},{\"@type\":\"ListItem\",\"position\":2,\"name\":\"Hyperscale\"}]},{\"@type\":\"WebSite\",\"@id\":\"https:\/\/247datacenters.com\/#website\",\"url\":\"https:\/\/247datacenters.com\/\",\"name\":\"247 Datacenters\",\"description\":\"\",\"publisher\":{\"@id\":\"https:\/\/247datacenters.com\/#organization\"},\"potentialAction\":[{\"@type\":\"SearchAction\",\"target\":{\"@type\":\"EntryPoint\",\"urlTemplate\":\"https:\/\/247datacenters.com\/?s={search_term_string}\"},\"query-input\":{\"@type\":\"PropertyValueSpecification\",\"valueRequired\":true,\"valueName\":\"search_term_string\"}}],\"inLanguage\":\"pt-BR\"},{\"@type\":\"Organization\",\"@id\":\"https:\/\/247datacenters.com\/#organization\",\"name\":\"247 Datacenters\",\"url\":\"https:\/\/247datacenters.com\/\",\"logo\":{\"@type\":\"ImageObject\",\"inLanguage\":\"pt-BR\",\"@id\":\"https:\/\/247datacenters.com\/#\/schema\/logo\/image\/\",\"url\":\"https:\/\/247datacenters.com\/wp-content\/uploads\/2025\/05\/247dataCenters-logo_w.svg\",\"contentUrl\":\"https:\/\/247datacenters.com\/wp-content\/uploads\/2025\/05\/247dataCenters-logo_w.svg\",\"width\":347,\"height\":148,\"caption\":\"247 Datacenters\"},\"image\":{\"@id\":\"https:\/\/247datacenters.com\/#\/schema\/logo\/image\/\"}}]}<\/script>\n<!-- \/ Yoast SEO plugin. -->","yoast_head_json":{"title":"Hyperscale - Pot\u00eancia e escalabilidade para grandes opera\u00e7\u00f5es - 247 Datacenters","description":"Escalabilidade sem limites para empresas que precisam de infraestrutura robusta e flex\u00edvel. Performance m\u00e1xima para suas opera\u00e7\u00f5es mais exigentes.","robots":{"index":"index","follow":"follow","max-snippet":"max-snippet:-1","max-image-preview":"max-image-preview:large","max-video-preview":"max-video-preview:-1"},"canonical":"https:\/\/247datacenters.com\/pt-br\/hyperscale\/","og_locale":"pt_BR","og_type":"article","og_title":"Hyperscale - Pot\u00eancia e escalabilidade para grandes opera\u00e7\u00f5es - 247 Datacenters","og_description":"Escalabilidade sem limites para empresas que precisam de infraestrutura robusta e flex\u00edvel. Performance m\u00e1xima para suas opera\u00e7\u00f5es mais exigentes.","og_url":"https:\/\/247datacenters.com\/pt-br\/hyperscale\/","og_site_name":"247 Datacenters","article_modified_time":"2026-01-16T20:09:16+00:00","og_image":[{"url":"https:\/\/247datacenters.com\/wp-content\/uploads\/2025\/09\/icon-3square.svg","type":"","width":"","height":""}],"twitter_card":"summary_large_image","twitter_misc":{"Est. tempo de leitura":"2 minutos"},"schema":{"@context":"https:\/\/schema.org","@graph":[{"@type":"WebPage","@id":"https:\/\/247datacenters.com\/pt-br\/hyperscale\/","url":"https:\/\/247datacenters.com\/pt-br\/hyperscale\/","name":"Hyperscale - Pot\u00eancia e escalabilidade para grandes opera\u00e7\u00f5es - 247 Datacenters","isPartOf":{"@id":"https:\/\/247datacenters.com\/#website"},"primaryImageOfPage":{"@id":"https:\/\/247datacenters.com\/pt-br\/hyperscale\/#primaryimage"},"image":{"@id":"https:\/\/247datacenters.com\/pt-br\/hyperscale\/#primaryimage"},"thumbnailUrl":"https:\/\/247datacenters.com\/wp-content\/uploads\/2025\/09\/icon-3square.svg","datePublished":"2025-09-26T02:09:01+00:00","dateModified":"2026-01-16T20:09:16+00:00","description":"Escalabilidade sem limites para empresas que precisam de infraestrutura robusta e flex\u00edvel. Performance m\u00e1xima para suas opera\u00e7\u00f5es mais exigentes.","breadcrumb":{"@id":"https:\/\/247datacenters.com\/pt-br\/hyperscale\/#breadcrumb"},"inLanguage":"pt-BR","potentialAction":[{"@type":"ReadAction","target":["https:\/\/247datacenters.com\/pt-br\/hyperscale\/"]}]},{"@type":"ImageObject","inLanguage":"pt-BR","@id":"https:\/\/247datacenters.com\/pt-br\/hyperscale\/#primaryimage","url":"https:\/\/247datacenters.com\/wp-content\/uploads\/2025\/09\/icon-3square.svg","contentUrl":"https:\/\/247datacenters.com\/wp-content\/uploads\/2025\/09\/icon-3square.svg"},{"@type":"BreadcrumbList","@id":"https:\/\/247datacenters.com\/pt-br\/hyperscale\/#breadcrumb","itemListElement":[{"@type":"ListItem","position":1,"name":"Home","item":"https:\/\/247datacenters.com\/pt-br\/"},{"@type":"ListItem","position":2,"name":"Hyperscale"}]},{"@type":"WebSite","@id":"https:\/\/247datacenters.com\/#website","url":"https:\/\/247datacenters.com\/","name":"247 Datacenters","description":"","publisher":{"@id":"https:\/\/247datacenters.com\/#organization"},"potentialAction":[{"@type":"SearchAction","target":{"@type":"EntryPoint","urlTemplate":"https:\/\/247datacenters.com\/?s={search_term_string}"},"query-input":{"@type":"PropertyValueSpecification","valueRequired":true,"valueName":"search_term_string"}}],"inLanguage":"pt-BR"},{"@type":"Organization","@id":"https:\/\/247datacenters.com\/#organization","name":"247 Datacenters","url":"https:\/\/247datacenters.com\/","logo":{"@type":"ImageObject","inLanguage":"pt-BR","@id":"https:\/\/247datacenters.com\/#\/schema\/logo\/image\/","url":"https:\/\/247datacenters.com\/wp-content\/uploads\/2025\/05\/247dataCenters-logo_w.svg","contentUrl":"https:\/\/247datacenters.com\/wp-content\/uploads\/2025\/05\/247dataCenters-logo_w.svg","width":347,"height":148,"caption":"247 Datacenters"},"image":{"@id":"https:\/\/247datacenters.com\/#\/schema\/logo\/image\/"}}]}},"_links":{"self":[{"href":"https:\/\/247datacenters.com\/pt-br\/wp-json\/wp\/v2\/pages\/1965","targetHints":{"allow":["GET"]}}],"collection":[{"href":"https:\/\/247datacenters.com\/pt-br\/wp-json\/wp\/v2\/pages"}],"about":[{"href":"https:\/\/247datacenters.com\/pt-br\/wp-json\/wp\/v2\/types\/page"}],"author":[{"embeddable":true,"href":"https:\/\/247datacenters.com\/pt-br\/wp-json\/wp\/v2\/users\/2"}],"replies":[{"embeddable":true,"href":"https:\/\/247datacenters.com\/pt-br\/wp-json\/wp\/v2\/comments?post=1965"}],"version-history":[{"count":1,"href":"https:\/\/247datacenters.com\/pt-br\/wp-json\/wp\/v2\/pages\/1965\/revisions"}],"predecessor-version":[{"id":2787,"href":"https:\/\/247datacenters.com\/pt-br\/wp-json\/wp\/v2\/pages\/1965\/revisions\/2787"}],"wp:attachment":[{"href":"https:\/\/247datacenters.com\/pt-br\/wp-json\/wp\/v2\/media?parent=1965"}],"curies":[{"name":"wp","href":"https:\/\/api.w.org\/{rel}","templated":true}]}}